{"id":248,"date":"2024-10-06T20:14:47","date_gmt":"2024-10-06T20:14:47","guid":{"rendered":"https:\/\/javiercalvete.com\/photo\/?page_id=248"},"modified":"2026-04-23T14:12:24","modified_gmt":"2026-04-23T14:12:24","slug":"expositions","status":"publish","type":"page","link":"https:\/\/javiercalvete.com\/photo\/es\/expositions","title":{"rendered":"Exposiciones"},"content":{"rendered":"<p class=\"has-light-gray-color has-text-color has-link-color has-small-font-size wp-elements-08cdb605535bc66e4e79c31c8272502f\"><strong>2026<\/strong><\/p>\n\n\n\n<p class=\"has-light-gray-color has-text-color has-link-color has-small-font-size wp-elements-fc6c13fcf018ab9c17912ce31e0eea78 translation-block\">Serie <em> Inventar\u00eeum<\/em> \/ 2015 \u2013 2019 <br>\n\nExposici\u00f3n colectiva <em>Petites Pr\u00e9sences<\/em> <br>Galeria 60 AdaDA, Saint-Denis \u2013 Francia<\/p>\n\n\n\n<p><\/p>\n\n\n\n<p class=\"has-light-gray-color has-text-color has-link-color has-small-font-size wp-elements-5469d1dcccbd4390deb9c0067ec7337a\"><strong>2025<\/strong><\/p>\n\n\n\n<p class=\"has-light-gray-color has-text-color has-link-color has-small-font-size wp-elements-f6c61b29eeef151e51382b39bffdb01b translation-block\">Serie <em>En transito<\/em> \/ 2024-2025 <br>\nExposici\u00f3n colectiva \/ Observatoire: una muestra de la imaginer\u00eda de los j\u00f3venes franceses Ningbo International Photography Season (NIPS) 2025, NFCC \u2013 Ningbo Fashion &amp; Creative Center, Ningbo \u2013 China<\/p>\n\n\n\n<p class=\"has-light-gray-color has-text-color has-link-color has-small-font-size wp-elements-7f0a366491a93ad054a05f078c1b5dbe\">Serie <em>Los desconocidos<\/em> \/ 2017<br>Exposici\u00f3n colectiva  <em>Le temps qu\u2019il faut<\/em>, Mains d\u2019\u0152uvres, Saint-Ouen-sur-Seine \u2013 Francia<\/p>\n\n\n\n<p class=\"has-light-gray-color has-text-color has-link-color has-small-font-size wp-elements-a6d43ab1339a75e9803e377de10f43db\"><br><strong>2024<\/strong><\/p>\n\n\n\n<p class=\"has-light-gray-color has-text-color has-link-color has-small-font-size wp-elements-f32ba5f80d3c879e7f2042dfa3fa3c97\"><br>Serie <em>En presencia de la ausencia<\/em> \/ 2012<br>Exposici\u00f3n colectiva <em>Introspections<\/em>, Galeria Plateforme, Par\u00eds \u2013 Francia<br><\/p>\n\n\n\n<p class=\"has-light-gray-color has-text-color has-link-color has-small-font-size wp-elements-686d30cc71badb5b3c1760e88ed8895e\">Serie <em>D\u00edas feriados<\/em> \/ 2022<br>Exposici\u00f3n colectiva <em>Territoires<\/em>, Biblioteca de la universidad Par\u00eds 8, Saint-Denis \u2013 Francia<\/p>\n\n\n\n<p class=\"has-light-gray-color has-text-color has-link-color has-small-font-size wp-elements-f5819467db3c808c46e0372304303c9b translation-block\">Tr\u00edptico <em> Barca de Caronte<\/em> de la serie <em>Silencios<\/em> \/ 2018 <br>\nExposici\u00f3n colectiva <em>Futura<\/em>, Universidad Paris 8 Vincennes Saint-Denis \u2013 Francia.<\/p>\n\n\n\n<p class=\"has-light-gray-color has-text-color has-link-color has-small-font-size wp-elements-8b67ad99d2d886febd641ecab1b082a9\"><br><strong>2020<\/strong><\/p>\n\n\n\n<p class=\"has-light-gray-color has-text-color has-link-color has-small-font-size wp-elements-d099ef6665bf531a57281cd4a5eb8122 translation-block\">Serie <em>Inventar\u00eeum<\/em> \/ 2015 \u2013 2019 <br>\nExposici\u00f3n colectiva, Sal\u00f3n de Artes Visuales 2020,\nMuseo de Arte Moderno de Bucaramanga, Bucaramanga \u2013 Colombia<\/p>\n\n\n\n<p class=\"has-light-gray-color has-text-color has-link-color has-small-font-size wp-elements-c90a8b65651bfa83b62c50dc19514333\"><br><strong>2019<\/strong><\/p>\n\n\n\n<p class=\"has-light-gray-color has-text-color has-link-color has-small-font-size wp-elements-11dd80e1292abc5b8eee15b7bd258108 translation-block\">Serie <em> Inventar\u00eeum<\/em> \/ 2015 \u2013 2019<br>\nExposici\u00f3n de fotograf\u00eda en el marco de las Jornadas Hisp\u00e1nicas,\n\u00c9cole normale sup\u00e9rieure \u2013 PSL, Par\u00eds \u2013 Francia<\/p>\n\n\n\n<p><\/p>\n\n\n\n<hr class=\"wp-block-separator has-text-color has-white-color has-alpha-channel-opacity has-white-background-color has-background is-style-dots\"\/>\n\n\n\n<p class=\"has-light-gray-color has-text-color has-link-color wp-elements-bdf5260c5caa111134bdf134d68b237d\" id=\"block-c9f9f569-4bc6-44a6-979e-5d85557df2f2\"><\/p>\n\n\n\n<figure class=\"wp-block-image size-full\"><img loading=\"lazy\" decoding=\"async\" width=\"600\" height=\"400\" src=\"https:\/\/javiercalvete.com\/photo\/wp-content\/uploads\/2026\/04\/JUL03844.jpg\" alt=\"\" class=\"wp-image-1084\" srcset=\"https:\/\/javiercalvete.com\/photo\/wp-content\/uploads\/2026\/04\/JUL03844.jpg 600w, https:\/\/javiercalvete.com\/photo\/wp-content\/uploads\/2026\/04\/JUL03844-300x200.jpg 300w, https:\/\/javiercalvete.com\/photo\/wp-content\/uploads\/2026\/04\/JUL03844-18x12.jpg 18w\" sizes=\"auto, (max-width: 600px) 100vw, 600px\" \/><figcaption class=\"wp-element-caption translation-block\">Exposici\u00f3n colectiva, Introspections, Galeria Plateforme, Par\u00eds \u2013 Francia,<\/figcaption><\/figure>\n\n\n\n<hr class=\"wp-block-separator has-text-color has-white-color has-alpha-channel-opacity has-white-background-color has-background is-style-dots\"\/>\n\n\n\n<figure class=\"wp-block-image size-full\"><img loading=\"lazy\" decoding=\"async\" width=\"600\" height=\"900\" src=\"https:\/\/javiercalvete.com\/photo\/wp-content\/uploads\/2026\/04\/chine-3.jpg\" alt=\"\" class=\"wp-image-1086\" srcset=\"https:\/\/javiercalvete.com\/photo\/wp-content\/uploads\/2026\/04\/chine-3.jpg 600w, https:\/\/javiercalvete.com\/photo\/wp-content\/uploads\/2026\/04\/chine-3-200x300.jpg 200w, https:\/\/javiercalvete.com\/photo\/wp-content\/uploads\/2026\/04\/chine-3-8x12.jpg 8w\" sizes=\"auto, (max-width: 600px) 100vw, 600px\" \/><figcaption class=\"wp-element-caption\"><sup>Exposition collective, Observatoire : un \u00e9chantillon de l\u2019imagerie des jeunes Fran\u00e7ais,<\/sup> <sup>Ningbo International Photography\u00a0Season (NIPS) 2025, NFCC \u2013 Ningbo Fashion &amp; Creative Center, Ningbo \u2013 Chine<\/sup><\/figcaption><\/figure>\n\n\n\n<p><hr class=\"wp-block-separator has-text-color has-white-color has-alpha-channel-opacity has-white-background-color has-background is-style-dots\" style=\"text-align: start; white-space: normal;\"><\/hr><\/p>\n\n\n\n<figure class=\"wp-block-image size-full\"><img loading=\"lazy\" decoding=\"async\" width=\"600\" height=\"400\" src=\"https:\/\/javiercalvete.com\/photo\/wp-content\/uploads\/2026\/04\/DSC06251.jpg\" alt=\"\" class=\"wp-image-1091\" srcset=\"https:\/\/javiercalvete.com\/photo\/wp-content\/uploads\/2026\/04\/DSC06251.jpg 600w, https:\/\/javiercalvete.com\/photo\/wp-content\/uploads\/2026\/04\/DSC06251-300x200.jpg 300w, https:\/\/javiercalvete.com\/photo\/wp-content\/uploads\/2026\/04\/DSC06251-18x12.jpg 18w\" sizes=\"auto, (max-width: 600px) 100vw, 600px\" \/><figcaption class=\"wp-element-caption\"><sup><em>Le temps qu\u2019il faut<\/em>, exposition collective. Mains d\u2019\u0152uvres, Saint-Ouen-sur-Seine \u2013 France<\/sup><\/figcaption><\/figure>\n\n\n\n<hr class=\"wp-block-separator has-text-color has-white-color has-alpha-channel-opacity has-white-background-color has-background is-style-dots\"\/>\n\n\n\n<figure class=\"wp-block-image size-full\"><img loading=\"lazy\" decoding=\"async\" width=\"600\" height=\"400\" src=\"https:\/\/javiercalvete.com\/photo\/wp-content\/uploads\/2026\/04\/Diaph8-Petites-Presences-6802-HD.jpg\" alt=\"\" class=\"wp-image-1093\" srcset=\"https:\/\/javiercalvete.com\/photo\/wp-content\/uploads\/2026\/04\/Diaph8-Petites-Presences-6802-HD.jpg 600w, https:\/\/javiercalvete.com\/photo\/wp-content\/uploads\/2026\/04\/Diaph8-Petites-Presences-6802-HD-300x200.jpg 300w, https:\/\/javiercalvete.com\/photo\/wp-content\/uploads\/2026\/04\/Diaph8-Petites-Presences-6802-HD-18x12.jpg 18w\" sizes=\"auto, (max-width: 600px) 100vw, 600px\" \/><figcaption class=\"wp-element-caption translation-block\">Exposici\u00f3n colectiva Petites Pr\u00e9sences\nGaleria 60 AdaDA, Saint-Denis \u2013 France<\/figcaption><\/figure>\n\n\n\n<p><\/p>","protected":false},"excerpt":{"rendered":"<p>2026 S\u00e9rie Inventar\u00eeum \/ 2015 &#8211; 2019Exposition collective Petites Pr\u00e9sencesGaleria 60 AdaDA, Saint-Denis \u2013 France 2025 S\u00e9rie En transit&nbsp;\/ 2024-2025Exposition collective \/ Observatoire : un \u00e9chantillon de l\u2019imagerie des jeunes Fran\u00e7ais \/ Ningbo International Photography&nbsp;Season (NIPS) 2025, NFCC \u2013 Ningbo Fashion &amp; Creative Center, Ningbo \u2013 Chine S\u00e9rie Les inconnues \/ 2017Exposition collective Le temps [&hellip;]<\/p>\n","protected":false},"author":1,"featured_media":0,"parent":0,"menu_order":0,"comment_status":"closed","ping_status":"closed","template":"","meta":{"footnotes":""},"class_list":["post-248","page","type-page","status-publish","hentry","missing-thumbnail"],"_links":{"self":[{"href":"https:\/\/javiercalvete.com\/photo\/es\/wp-json\/wp\/v2\/pages\/248","targetHints":{"allow":["GET"]}}],"collection":[{"href":"https:\/\/javiercalvete.com\/photo\/es\/wp-json\/wp\/v2\/pages"}],"about":[{"href":"https:\/\/javiercalvete.com\/photo\/es\/wp-json\/wp\/v2\/types\/page"}],"author":[{"embeddable":true,"href":"https:\/\/javiercalvete.com\/photo\/es\/wp-json\/wp\/v2\/users\/1"}],"replies":[{"embeddable":true,"href":"https:\/\/javiercalvete.com\/photo\/es\/wp-json\/wp\/v2\/comments?post=248"}],"version-history":[{"count":27,"href":"https:\/\/javiercalvete.com\/photo\/es\/wp-json\/wp\/v2\/pages\/248\/revisions"}],"predecessor-version":[{"id":1150,"href":"https:\/\/javiercalvete.com\/photo\/es\/wp-json\/wp\/v2\/pages\/248\/revisions\/1150"}],"wp:attachment":[{"href":"https:\/\/javiercalvete.com\/photo\/es\/wp-json\/wp\/v2\/media?parent=248"}],"curies":[{"name":"wp","href":"https:\/\/api.w.org\/{rel}","templated":true}]}}