{"id":77,"date":"2024-10-05T16:39:27","date_gmt":"2024-10-05T16:39:27","guid":{"rendered":"https:\/\/javiercalvete.com\/photo\/?page_id=77"},"modified":"2026-03-06T19:35:41","modified_gmt":"2026-03-06T19:35:41","slug":"bio","status":"publish","type":"page","link":"https:\/\/javiercalvete.com\/photo\/es\/bio","title":{"rendered":"Bio"},"content":{"rendered":"<h2 class=\"wp-block-heading\" id=\"block-94e7ae6d-0a7f-4576-9a66-e899a5ef8da0\">Javier Calvete curs\u00f3 estudios de dise\u00f1o industrial antes de dedicarse a la fotograf\u00eda. Se instal\u00f3 en Francia en 2021 e ingres\u00f3 en la Universidad Par\u00eds 8, donde obtuvo la licenciatura y el m\u00e1ster en artes visuales.<\/h2>\n\n\n\n<p class=\"has-light-gray-color has-text-color has-link-color has-small-font-size wp-elements-e73ca5ab3545796073d96edbe45b9e51\" id=\"block-4ab2fb4d-c9c6-4177-b9b0-f9e87a89ccad\">Se destaca por su labor como docente en la Universidad de Pamplona, Colombia, adem\u00e1s de sus colaboraciones fotogr\u00e1ficas con Shutterstock, Getty Images y Adobe Stock. Tambi\u00e9n ha trabajado para el Centro Regional para el Fomento del Libro en Am\u00e9rica Latina y el Caribe (Cerlalc \u2013 UNESCO).<\/p>\n\n\n\n<p class=\"has-light-gray-color has-text-color has-link-color has-small-font-size wp-elements-44d773593602bc7b68ec663bb5a9a031\">Su trabajo fotogr\u00e1fico ha sido expuesto en el Museo de Arte Moderno de Bucaramanga en Colombia, en la \u00c9cole Normale Sup\u00e9rieure \u2013 PSL, la Galerie Plateforme y la Universidad Paris 8 en Francia, as\u00ed como en el NFCC \u2013 Ningbo Fashion &amp; Creative Center en China.<\/p>\n\n\n\n<p class=\"has-light-gray-color has-text-color has-link-color has-small-font-size wp-elements-4f9bad69f9c9378ca3bf444986e2178d\">Su obra interroga las relaciones entre presencia y ausencia, entre materia e inmaterialidad, explorando las nociones de huella y memoria. A trav\u00e9s de sus im\u00e1genes, cuestiona lo que queda de la existencia cuando la materia desaparece, y la forma en que la ausencia puede, a su vez, producir presencia.<\/p>\n\n\n\n<p class=\"has-light-gray-color has-text-color has-link-color has-small-font-size wp-elements-8c2738d555fb01265837f24fc67a50be\" id=\"block-2498961d-e7e6-41a0-bcf7-b57c54f90dec\"><\/p>\n\n\n\n<p id=\"block-b0f266a5-1d47-4373-b612-8a043c6b1ad6\"><\/p>\n\n\n\n<p class=\"has-light-gray-color has-text-color has-link-color wp-elements-bdf5260c5caa111134bdf134d68b237d\" id=\"block-c9f9f569-4bc6-44a6-979e-5d85557df2f2\"><\/p>","protected":false},"excerpt":{"rendered":"<p>Javier Calvete a suivi des \u00e9tudes de design industriel avant de s\u2019orienter vers la photographie. Il s\u2019installe en France en 2021 et int\u00e8gre l\u2019Universit\u00e9 Paris 8, o\u00f9 il obtient une licence et un master en arts visuels. Il se distingue par son travail en tant qu\u2019enseignant \u00e0 l\u2019Universit\u00e9 de Pamplona, en Colombie, ainsi que par [&hellip;]<\/p>\n","protected":false},"author":1,"featured_media":0,"parent":0,"menu_order":0,"comment_status":"closed","ping_status":"closed","template":"","meta":{"footnotes":""},"class_list":["post-77","page","type-page","status-publish","hentry","missing-thumbnail"],"_links":{"self":[{"href":"https:\/\/javiercalvete.com\/photo\/es\/wp-json\/wp\/v2\/pages\/77","targetHints":{"allow":["GET"]}}],"collection":[{"href":"https:\/\/javiercalvete.com\/photo\/es\/wp-json\/wp\/v2\/pages"}],"about":[{"href":"https:\/\/javiercalvete.com\/photo\/es\/wp-json\/wp\/v2\/types\/page"}],"author":[{"embeddable":true,"href":"https:\/\/javiercalvete.com\/photo\/es\/wp-json\/wp\/v2\/users\/1"}],"replies":[{"embeddable":true,"href":"https:\/\/javiercalvete.com\/photo\/es\/wp-json\/wp\/v2\/comments?post=77"}],"version-history":[{"count":11,"href":"https:\/\/javiercalvete.com\/photo\/es\/wp-json\/wp\/v2\/pages\/77\/revisions"}],"predecessor-version":[{"id":1009,"href":"https:\/\/javiercalvete.com\/photo\/es\/wp-json\/wp\/v2\/pages\/77\/revisions\/1009"}],"wp:attachment":[{"href":"https:\/\/javiercalvete.com\/photo\/es\/wp-json\/wp\/v2\/media?parent=77"}],"curies":[{"name":"wp","href":"https:\/\/api.w.org\/{rel}","templated":true}]}}