{"id":77,"date":"2024-10-05T16:39:27","date_gmt":"2024-10-05T16:39:27","guid":{"rendered":"https:\/\/javiercalvete.com\/photo\/?page_id=77"},"modified":"2026-03-06T19:35:41","modified_gmt":"2026-03-06T19:35:41","slug":"bio","status":"publish","type":"page","link":"https:\/\/javiercalvete.com\/photo\/bio","title":{"rendered":"Bio"},"content":{"rendered":"\n<h2 class=\"wp-block-heading\" id=\"block-94e7ae6d-0a7f-4576-9a66-e899a5ef8da0\">Javier Calvete a suivi des \u00e9tudes de design industriel avant de s\u2019orienter vers la photographie. Il s\u2019installe en France en 2021 et int\u00e8gre l\u2019Universit\u00e9 Paris 8, o\u00f9 il obtient une licence et un master en arts visuels.<\/h2>\n\n\n\n<p class=\"has-light-gray-color has-text-color has-link-color has-small-font-size wp-elements-e73ca5ab3545796073d96edbe45b9e51\" id=\"block-4ab2fb4d-c9c6-4177-b9b0-f9e87a89ccad\">Il se distingue par son travail en tant qu\u2019enseignant \u00e0 l\u2019Universit\u00e9 de Pamplona, en Colombie, ainsi que par ses collaborations photographiques avec Shutterstock, Getty Images et Adobe Stock. Il a \u00e9galement travaill\u00e9 pour le Centre R\u00e9gional pour la Promotion du Livre en Am\u00e9rique latine et dans les Cara\u00efbes (Cerlalc \u2013 UNESCO).<\/p>\n\n\n\n<p class=\"has-light-gray-color has-text-color has-link-color has-small-font-size wp-elements-44d773593602bc7b68ec663bb5a9a031\">Son travail photographique a \u00e9t\u00e9 pr\u00e9sent\u00e9 au Mus\u00e9e d\u2019Art Moderne de Bucaramanga en Colombie, \u00e0 l\u2019\u00c9cole normale sup\u00e9rieure \u2013 PSL, \u00e0 la Galerie Plateforme et \u00e0 l\u2019Universit\u00e9 Paris 8 en France, ainsi qu\u2019au NFCC \u2013 Ningbo Fashion &amp; Creative Center en Chine.<\/p>\n\n\n\n<p class=\"has-light-gray-color has-text-color has-link-color has-small-font-size wp-elements-4f9bad69f9c9378ca3bf444986e2178d\">Son \u0153uvre interroge les relations entre pr\u00e9sence et absence, entre mati\u00e8re et immat\u00e9rialit\u00e9, en explorant les notions de trace et de m\u00e9moire. \u00c0 travers ses images, il questionne ce qui demeure de l&rsquo;existence lorsque la mati\u00e8re dispara\u00eet, et la mani\u00e8re dont l&rsquo;absence peut, \u00e0 son tour, produire de la pr\u00e9sence.<\/p>\n\n\n\n<p class=\"has-light-gray-color has-text-color has-link-color has-small-font-size wp-elements-8c2738d555fb01265837f24fc67a50be\" id=\"block-2498961d-e7e6-41a0-bcf7-b57c54f90dec\"><\/p>\n\n\n\n<p id=\"block-b0f266a5-1d47-4373-b612-8a043c6b1ad6\"><\/p>\n\n\n\n<p class=\"has-light-gray-color has-text-color has-link-color wp-elements-bdf5260c5caa111134bdf134d68b237d\" id=\"block-c9f9f569-4bc6-44a6-979e-5d85557df2f2\"><\/p>\n","protected":false},"excerpt":{"rendered":"<p>Javier Calvete a suivi des \u00e9tudes de design industriel avant de s\u2019orienter vers la photographie. Il s\u2019installe en France en 2021 et int\u00e8gre l\u2019Universit\u00e9 Paris 8, o\u00f9 il obtient une licence et un master en arts visuels. Il se distingue par son travail en tant qu\u2019enseignant \u00e0 l\u2019Universit\u00e9 de Pamplona, en Colombie, ainsi que par [&hellip;]<\/p>\n","protected":false},"author":1,"featured_media":0,"parent":0,"menu_order":0,"comment_status":"closed","ping_status":"closed","template":"","meta":{"footnotes":""},"class_list":["post-77","page","type-page","status-publish","hentry","missing-thumbnail"],"_links":{"self":[{"href":"https:\/\/javiercalvete.com\/photo\/wp-json\/wp\/v2\/pages\/77","targetHints":{"allow":["GET"]}}],"collection":[{"href":"https:\/\/javiercalvete.com\/photo\/wp-json\/wp\/v2\/pages"}],"about":[{"href":"https:\/\/javiercalvete.com\/photo\/wp-json\/wp\/v2\/types\/page"}],"author":[{"embeddable":true,"href":"https:\/\/javiercalvete.com\/photo\/wp-json\/wp\/v2\/users\/1"}],"replies":[{"embeddable":true,"href":"https:\/\/javiercalvete.com\/photo\/wp-json\/wp\/v2\/comments?post=77"}],"version-history":[{"count":11,"href":"https:\/\/javiercalvete.com\/photo\/wp-json\/wp\/v2\/pages\/77\/revisions"}],"predecessor-version":[{"id":1009,"href":"https:\/\/javiercalvete.com\/photo\/wp-json\/wp\/v2\/pages\/77\/revisions\/1009"}],"wp:attachment":[{"href":"https:\/\/javiercalvete.com\/photo\/wp-json\/wp\/v2\/media?parent=77"}],"curies":[{"name":"wp","href":"https:\/\/api.w.org\/{rel}","templated":true}]}}